 
{"id":644,"date":"2021-06-11T14:23:26","date_gmt":"2021-06-11T11:23:26","guid":{"rendered":"https:\/\/maidan.cz\/?page_id=644"},"modified":"2024-03-28T15:16:05","modified_gmt":"2024-03-28T13:16:05","slug":"kontakty","status":"publish","type":"page","link":"https:\/\/maidan.cz\/uk\/kontakty\/","title":{"rendered":"\u041a\u043e\u043d\u0442\u0430\u043a\u0442\u0438"},"content":{"rendered":"\n<p><strong>\u0410\u0434\u0440\u0435\u0441\u0430 \u0426\u0435\u043d\u0442\u0440\u0443 \u0434\u043e\u043f\u043e\u043c\u043e\u0433\u0438 \u0423\u043a\u0440\u0430\u0457\u043d\u0456 Nusle \u0442\u0430 \u043e\u0444\u0456\u0441 \u043e\u0440\u0433\u0430\u043d\u0456\u0437\u0430\u0446\u0456\u0457:<\/strong><br>T\u00e1borsk\u00e1 500\/30 (Nuselsk\u00e1 Radnice), 140 00 \u041f\u0440\u0430\u0433\u0430 4.<\/p>\n\n\n\n<figure class=\"wp-block-gallery has-nested-images columns-default is-cropped sg wp-block-gallery-1 is-layout-flex wp-block-gallery-is-layout-flex\">\n<figure class=\"wp-block-image size-large\"><a href=\"https:\/\/maidan.cz\/wp-content\/uploads\/2023\/01\/Maidan-ratusha-2.jpg\"><img loading=\"lazy\" decoding=\"async\" width=\"960\" height=\"1280\" data-id=\"10605\" src=\"https:\/\/maidan.cz\/wp-content\/uploads\/2023\/01\/Maidan-ratusha-2.jpg\" alt=\"\" class=\"wp-image-10605\"\/><\/a><\/figure>\n\n\n\n<figure class=\"wp-block-image size-large\"><a href=\"https:\/\/maidan.cz\/wp-content\/uploads\/2023\/01\/Maidan-ratusha-3.jpg\"><img loading=\"lazy\" decoding=\"async\" width=\"960\" height=\"1280\" data-id=\"10602\" src=\"https:\/\/maidan.cz\/wp-content\/uploads\/2023\/01\/Maidan-ratusha-3.jpg\" alt=\"\" class=\"wp-image-10602\"\/><\/a><\/figure>\n\n\n\n<figure class=\"wp-block-image size-large\"><a href=\"https:\/\/maidan.cz\/wp-content\/uploads\/2023\/01\/Maidan-ratusha.jpg\"><img loading=\"lazy\" decoding=\"async\" width=\"960\" height=\"1280\" data-id=\"10604\" src=\"https:\/\/maidan.cz\/wp-content\/uploads\/2023\/01\/Maidan-ratusha.jpg\" alt=\"\" class=\"wp-image-10604\"\/><\/a><\/figure>\n<\/figure>\n\n\n\n<p><strong>\u0413\u0440\u0430\u0444\u0456\u043a \u0440\u043e\u0431\u043e\u0442\u0438 \u0426\u0435\u043d\u0442\u0440\u0443: <\/strong> <br>\u043f\u043d-\u043f\u0442 10:00 &#8211; 18:00<\/p>\n\n\n\n<p><strong>\u0406\u043d\u0444\u043e-\u0446\u0435\u043d\u0442\u0440:<\/strong><br><a href=\"tel:+420602243980\">+420 602 243 980<\/a><\/p>\n\n\n\n<p><strong>\u0415mail:<\/strong><br><a href=\"mailto:info@maidan.cz\">info@maidan.cz<\/a>, <a href=\"mailto:office@maidan.cz\">office@maidan.cz<\/a>&nbsp;<\/p>\n\n\n\n<p><strong>\u0413\u0430\u043b\u0438\u043d\u0430 \u0410\u043d\u0434\u0440\u0435\u0439\u0446\u0456\u0432 \u2014 \u0413\u043e\u043b\u043e\u0432\u0430 \u0413\u041e \u201c\u041f\u0440\u0430\u0437\u044c\u043a\u0438\u0439 \u041c\u0430\u0439\u0434\u0430\u043d\u201d: <\/strong><br><a href=\"mailto:g.andrejciv@maidan.cz\">g.andrejciv@maidan.cz<\/a>&nbsp;<\/p>\n\n\n\n<div class=\"googlemap\"><iframe id=\"gmap_canvas\" src=\"https:\/\/maps.google.com\/maps?q=Ukrajinske%20centrum%20Nusle,%20Praha&#038;t=&#038;z=17&#038;ie=UTF8&#038;iwloc=&#038;output=embed\" frameborder=\"0\" scrolling=\"no\" marginheight=\"0\" marginwidth=\"0\"><\/iframe><style>.googlemap{position:relative;padding-bottom:75%;height:0;overflow:hidden;}.googlemap iframe{position:absolute;top:0;left:0;width:100%!important;height:100%!important;}<\/style><\/div>\n\n\n\n<p><strong>\u042e\u0440\u0438\u0434\u0438\u0447\u043d\u0430 \u0430\u0434\u0440\u0435\u0441\u0430 \u043e\u0440\u0433\u0430\u043d\u0456\u0437\u0430\u0446\u0456\u0457:<\/strong><br>Pra\u017esk\u00fd Majdan, z.s<br>T\u00e1borsk\u00e1  372\/36, Nusle (Praha 4), 140 00 Praha<br>I\u010cO: 03771253<\/p>\n","protected":false},"excerpt":{"rendered":"<p>\u0410\u0434\u0440\u0435\u0441\u0430 \u0426\u0435\u043d\u0442\u0440\u0443 \u0434\u043e\u043f\u043e\u043c\u043e\u0433\u0438 \u0423\u043a\u0440\u0430\u0457\u043d\u0456 Nusle \u0442\u0430 \u043e\u0444\u0456\u0441 \u043e\u0440\u0433\u0430\u043d\u0456\u0437\u0430\u0446\u0456\u0457:T\u00e1borsk\u00e1 500\/30 (Nuselsk\u00e1 Radnice), 140 00 \u041f\u0440\u0430\u0433\u0430 4. \u0413\u0440\u0430\u0444\u0456\u043a \u0440\u043e\u0431\u043e\u0442\u0438 \u0426\u0435\u043d\u0442\u0440\u0443: \u043f\u043d-\u043f\u0442 10:00 &#8211; 18:00 \u0406\u043d\u0444\u043e-\u0446\u0435\u043d\u0442\u0440:+420 602 243 980 \u0415mail:info@maidan.cz, office@maidan.cz&nbsp; \u0413\u0430\u043b\u0438\u043d\u0430 \u0410\u043d\u0434\u0440\u0435\u0439\u0446\u0456\u0432 \u2014 \u0413\u043e\u043b\u043e\u0432\u0430 \u0413\u041e \u201c\u041f\u0440\u0430\u0437\u044c\u043a\u0438\u0439 \u041c\u0430\u0439\u0434\u0430\u043d\u201d: g.andrejciv@maidan.cz&nbsp; \u042e\u0440\u0438\u0434\u0438\u0447\u043d\u0430 \u0430\u0434\u0440\u0435\u0441\u0430 \u043e\u0440\u0433\u0430\u043d\u0456\u0437\u0430\u0446\u0456\u0457:Pra\u017esk\u00fd Majdan, z.sT\u00e1borsk\u00e1 372\/36, Nusle (Praha 4), 140 00 PrahaI\u010cO: 03771253<\/p>\n","protected":false},"author":1,"featured_media":10293,"parent":0,"menu_order":6,"comment_status":"closed","ping_status":"closed","template":"page2.php","meta":{"inline_featured_image":false,"activitypub_content_warning":"","activitypub_content_visibility":"","activitypub_max_image_attachments":4,"activitypub_interaction_policy_quote":"anyone","activitypub_status":"","footnotes":""},"class_list":["post-644","page","type-page","status-publish","has-post-thumbnail","hentry"],"acf":[],"_links":{"self":[{"href":"https:\/\/maidan.cz\/uk\/wp-json\/wp\/v2\/pages\/644","targetHints":{"allow":["GET"]}}],"collection":[{"href":"https:\/\/maidan.cz\/uk\/wp-json\/wp\/v2\/pages"}],"about":[{"href":"https:\/\/maidan.cz\/uk\/wp-json\/wp\/v2\/types\/page"}],"author":[{"embeddable":true,"href":"https:\/\/maidan.cz\/uk\/wp-json\/wp\/v2\/users\/1"}],"replies":[{"embeddable":true,"href":"https:\/\/maidan.cz\/uk\/wp-json\/wp\/v2\/comments?post=644"}],"version-history":[{"count":3,"href":"https:\/\/maidan.cz\/uk\/wp-json\/wp\/v2\/pages\/644\/revisions"}],"predecessor-version":[{"id":12741,"href":"https:\/\/maidan.cz\/uk\/wp-json\/wp\/v2\/pages\/644\/revisions\/12741"}],"wp:featuredmedia":[{"embeddable":true,"href":"https:\/\/maidan.cz\/uk\/wp-json\/wp\/v2\/media\/10293"}],"wp:attachment":[{"href":"https:\/\/maidan.cz\/uk\/wp-json\/wp\/v2\/media?parent=644"}],"curies":[{"name":"wp","href":"https:\/\/api.w.org\/{rel}","templated":true}]}}